{"id":5503,"date":"2021-10-17T11:28:41","date_gmt":"2021-10-17T09:28:41","guid":{"rendered":"https:\/\/bmlab.company\/shop\/senza-categoria\/e-commerce\/"},"modified":"2024-03-07T14:48:21","modified_gmt":"2024-03-07T13:48:21","slug":"e-commerce","status":"publish","type":"product","link":"https:\/\/bmlab.company\/it\/shop\/services\/e-commerce\/","title":{"rendered":"E-commerce"},"content":{"rendered":"<p>Siamo pronti a trasformare le tue idee in realt\u00e0 e far crescere il tuo business online.<br \/>\n&#8230;coinvolgere pi\u00f9 clienti?<\/p>\n<p>Espandi la tua portata, personalizza i dati dei tuoi prodotti e rendi pi\u00f9 semplice per i nuovi clienti trovare i tuoi prodotti online tramite marketplace e partner commerciali. Ti permettiamo di sperimentare nuovi modelli di business senza investimenti aggiuntivi.<br \/>\n&#8230;aprire nuovi mercati?<\/p>\n<p>Apri nuovi canali di vendita digitali ed espanditi in pi\u00f9 paesi. Gestendo la tua soluzione di e-commerce a livello centrale, puoi concentrarti sull&#8217;aumento dell&#8217;efficacia locale con solo un piccolo team di marketing in loco<\/p>\n<p><a href=\"https:\/\/bmlab.company\/e-commerce\/\">Read more in our blog<\/a><\/p>\n","protected":false},"excerpt":{"rendered":"<p>Siamo pronti a trasformare le tue idee in realt\u00e0 e far crescere il tuo business online. &#8230;coinvolgere pi\u00f9 clienti? Espandi la tua portata, personalizza i dati dei tuoi prodotti e rendi pi\u00f9 semplice per i nuovi clienti trovare i tuoi prodotti online tramite marketplace e partner commerciali. Ti permettiamo di sperimentare nuovi modelli di business [&hellip;]<\/p>\n","protected":false},"featured_media":2500,"template":"","meta":{"_acf_changed":false,"pmpro_default_level":""},"product_brand":[],"product_cat":[213],"product_tag":[],"class_list":{"0":"post-5503","1":"product","2":"type-product","3":"status-publish","4":"has-post-thumbnail","6":"product_cat-services","7":"pmpro-has-access","9":"first","10":"instock","11":"shipping-taxable","12":"purchasable","13":"product-type-simple"},"acf":[],"aioseo_notices":[],"_links":{"self":[{"href":"https:\/\/bmlab.company\/it\/wp-json\/wp\/v2\/product\/5503","targetHints":{"allow":["GET"]}}],"collection":[{"href":"https:\/\/bmlab.company\/it\/wp-json\/wp\/v2\/product"}],"about":[{"href":"https:\/\/bmlab.company\/it\/wp-json\/wp\/v2\/types\/product"}],"version-history":[{"count":0,"href":"https:\/\/bmlab.company\/it\/wp-json\/wp\/v2\/product\/5503\/revisions"}],"wp:featuredmedia":[{"embeddable":true,"href":"https:\/\/bmlab.company\/it\/wp-json\/wp\/v2\/media\/2500"}],"wp:attachment":[{"href":"https:\/\/bmlab.company\/it\/wp-json\/wp\/v2\/media?parent=5503"}],"wp:term":[{"taxonomy":"product_brand","embeddable":true,"href":"https:\/\/bmlab.company\/it\/wp-json\/wp\/v2\/product_brand?post=5503"},{"taxonomy":"product_cat","embeddable":true,"href":"https:\/\/bmlab.company\/it\/wp-json\/wp\/v2\/product_cat?post=5503"},{"taxonomy":"product_tag","embeddable":true,"href":"https:\/\/bmlab.company\/it\/wp-json\/wp\/v2\/product_tag?post=5503"}],"curies":[{"name":"wp","href":"https:\/\/api.w.org\/{rel}","templated":true}]}}