{"id":5499,"date":"2021-12-29T12:32:15","date_gmt":"2021-12-29T11:32:15","guid":{"rendered":"https:\/\/bmlab.company\/shop\/senza-categoria\/logo-branding\/"},"modified":"2024-03-07T14:43:20","modified_gmt":"2024-03-07T13:43:20","slug":"logo-branding","status":"publish","type":"product","link":"https:\/\/bmlab.company\/it\/shop\/services\/logo-branding\/","title":{"rendered":"Logo \/ Branding"},"content":{"rendered":"<p>Perch\u00e9 la tua azienda ha bisogno di un logo?<\/p>\n<p>Il tuo logo \u00e8 il fondamento visivo della tua identit\u00e0 di marca. Il design \u00e8 importante e tu ne hai bisogno! Soprattutto se vuoi che le persone ti diano dei soldi e parlino di te al mondo. Quando investi nel tuo marchio, consenti alla tua piccola impresa di prosperare.<\/p>\n<p>Hai una domanda sul branding o sul design del logo? Scrivi un commento qui sotto! Hai bisogno di un logo professionale progettato per la tua piccola attivit\u00e0? Mettiti in contatto. Visualizza alcuni dei nostri design di logo qui.<\/p>\n<p><a href=\"https:\/\/bmlab.company\/why-does-your-business-need-a-logo\/\">Read more on our blog<\/a><\/p>\n","protected":false},"excerpt":{"rendered":"<p>Perch\u00e9 la tua azienda ha bisogno di un logo? Il tuo logo \u00e8 il fondamento visivo della tua identit\u00e0 di marca. Il design \u00e8 importante e tu ne hai bisogno! Soprattutto se vuoi che le persone ti diano dei soldi e parlino di te al mondo. Quando investi nel tuo marchio, consenti alla tua piccola [&hellip;]<\/p>\n","protected":false},"featured_media":3833,"template":"","meta":{"_acf_changed":false,"pmpro_default_level":""},"product_brand":[],"product_cat":[213],"product_tag":[],"class_list":{"0":"post-5499","1":"product","2":"type-product","3":"status-publish","4":"has-post-thumbnail","6":"product_cat-services","7":"pmpro-has-access","9":"first","10":"instock","11":"shipping-taxable","12":"purchasable","13":"product-type-simple"},"acf":[],"aioseo_notices":[],"_links":{"self":[{"href":"https:\/\/bmlab.company\/it\/wp-json\/wp\/v2\/product\/5499","targetHints":{"allow":["GET"]}}],"collection":[{"href":"https:\/\/bmlab.company\/it\/wp-json\/wp\/v2\/product"}],"about":[{"href":"https:\/\/bmlab.company\/it\/wp-json\/wp\/v2\/types\/product"}],"version-history":[{"count":0,"href":"https:\/\/bmlab.company\/it\/wp-json\/wp\/v2\/product\/5499\/revisions"}],"wp:featuredmedia":[{"embeddable":true,"href":"https:\/\/bmlab.company\/it\/wp-json\/wp\/v2\/media\/3833"}],"wp:attachment":[{"href":"https:\/\/bmlab.company\/it\/wp-json\/wp\/v2\/media?parent=5499"}],"wp:term":[{"taxonomy":"product_brand","embeddable":true,"href":"https:\/\/bmlab.company\/it\/wp-json\/wp\/v2\/product_brand?post=5499"},{"taxonomy":"product_cat","embeddable":true,"href":"https:\/\/bmlab.company\/it\/wp-json\/wp\/v2\/product_cat?post=5499"},{"taxonomy":"product_tag","embeddable":true,"href":"https:\/\/bmlab.company\/it\/wp-json\/wp\/v2\/product_tag?post=5499"}],"curies":[{"name":"wp","href":"https:\/\/api.w.org\/{rel}","templated":true}]}}