{"id":1495,"date":"2018-07-26T07:17:24","date_gmt":"2018-07-26T07:17:24","guid":{"rendered":"http:\/\/bmlab.company\/about-us\/"},"modified":"2024-03-07T15:45:53","modified_gmt":"2024-03-07T14:45:53","slug":"about-us","status":"publish","type":"page","link":"https:\/\/bmlab.company\/es\/about-us\/","title":{"rendered":"BM LAB"},"content":{"rendered":"<div class=\"wpb-content-wrapper\"><p>[vc_row full_width=\u00bbstretch_row_content_no_spaces\u00bb][vc_column][vc_single_image image=\u00bb1235&#8243; img_size=\u00bbfull\u00bb alignment=\u00bbcenter\u00bb][\/vc_column][\/vc_row][vc_row][vc_column][vc_column_text el_class=\u00bbour-story\u00bb]<\/p>\n<h1>\u00a1HOLA, SOMOS EMPRESA BM Lab!<\/h1>\n<p>YA EST\u00c9S COMENZANDO O EVOLUCIONANDO TU MARCA, TU IDEA, TU NUEVA EXPERIENCIA PROFESIONAL O TU VIAJE &#8211; BM LAB COMPANY TE AYUDAR\u00c1 A CRECER O HACER QUE TODO SALGA M\u00c1S F\u00c1CIL Y COLORIDO.<br \/>\nDAMOS VIDA A LA HISTORIA DE SU NEGOCIO EN EL NUEVO MERCADO EUROPEO O MUNDIAL. DISE\u00d1AMOS JUNTOS TU VIAJE, BUSCANDO INNOVACI\u00d3N, NUEVAS IDEAS, NUEVOS SOCIOS, COLABORACI\u00d3N. TE DAMOS CONSEJOS Y TRUCOS. T\u00da, TU MARCA, TUS IDEAS, SUE\u00d1OS SE HAR\u00c1N REALIDAD CON NOSOTROS.<\/p>\n<ul>\n<li>MARKETING-PUBLICIDAD-EVENTOS<br \/>\nCREACI\u00d3N Y GESTI\u00d3N DE PERFILES SOCIALES<\/li>\n<li>WEB.GRAM360<\/li>\n<li>OPTIMIZACI\u00d3N DE CAMPA\u00d1AS PUBLICITARIAS<\/li>\n<li>CREACI\u00d3N Y GESTI\u00d3N DE WEB \/ E-COMMERCE<\/li>\n<li>COMUNICACI\u00d3N<\/li>\n<li>IDEAS<\/li>\n<li>AN\u00c1LISIS DE NEGOCIOS<\/li>\n<li>PIANIFICACI\u00d3N, ESTRATEGIA, PLAN DE NEGOCIOS<\/li>\n<li>CURSOS, TALLERES, CONSULTOR\u00cdA<\/li>\n<li>PROMOCI\u00d3N<\/li>\n<li>GESTI\u00d3N DE PROYECTOS<\/li>\n<li>SOLUCIONES<\/li>\n<li>COLABORACI\u00d3N<\/li>\n<li>ESTRATEGIA DE MARCA, LOGOTIPO, ANIMACI\u00d3N, DISE\u00d1O GR\u00c1FICO<\/li>\n<li>SEO<\/li>\n<li>ESTAD\u00cdSTICAS<\/li>\n<\/ul>\n<p>[\/vc_column_text][\/vc_column][\/vc_row][vc_row][vc_column][rev_slider_vc alias=\u00bbabout\u00bb el_class=\u00bbabout-slider\u00bb][\/vc_column][\/vc_row][vc_row][vc_column][vc_raw_html css=\u00bb.vc_custom_1613738133281{border-right-width: 2px !important;border-left-width: 2px !important;border-radius: 5px !important;}\u00bb]PGRpdiBjbGFzcz0iYm0tdGVzdGltb25pYWxzIj4NCjxkaXYgY2xhc3M9ImJtLXRlc3RpbW9uaWFsc19faW1nIj48aW1nIHNyYz0iL3dwLWNvbnRlbnQvdXBsb2Fkcy8yMDIxLzAyLzIuZ2lmIiBhbHQ9IiIgLz48L2Rpdj4NCjxkaXYgY2xhc3M9ImJtLXRlc3RpbW9uaWFsc19fY29udGVudCI+PGltZyBjbGFzcz0iYm0tdGVzdGltb25pYWxzX19xdW90ZSIgc3JjPSIvd3AtY29udGVudC91cGxvYWRzLzIwMTkvMDYvcXVvdGUucG5nIiBhbHQ9IiIgLz4NCjxkaXYgY2xhc3M9ImJtLXRlc3RpbW9uaWFsc19fdGV4dCI+DQo8cCBzdHlsZT0ibWFyZ2luOiAwOyBmb250LXNpemU6IDI0cHg7Ij4iPGVtPk5vIGltcG9ydGEgbG8gbGVudG8gcXVlIHZheWFzPC9lbT4sIDxlbT5zaWVtcHJlIHkgY3VhbmRvIG5vIHRlIGRldGVuZ2FzPC9lbT4iPC9wPg0KQ29uZnVjaW8NCg0KPC9kaXY+DQo8L2Rpdj4NCjwvZGl2Pg==[\/vc_raw_html][\/vc_column][\/vc_row][vc_row][vc_column][vc_raw_html]ICAgICAgICAgICAgICAgICAgICAgICAgICAgICAgICAgICAgICAgICAgICAgICAgICAgICAgICAgICAgICAgICAgIEJNIEJJWloNCltibS1wYXJ0bmVyc10=[\/vc_raw_html][\/vc_column][\/vc_row]<\/p>\n<\/div>","protected":false},"excerpt":{"rendered":"<p>[vc_row full_width=\u00bbstretch_row_content_no_spaces\u00bb][vc_column][vc_single_image image=\u00bb1235&#8243; img_size=\u00bbfull\u00bb alignment=\u00bbcenter\u00bb][\/vc_column][\/vc_row][vc_row][vc_column][vc_column_text el_class=\u00bbour-story\u00bb] \u00a1HOLA, SOMOS EMPRESA BM Lab! YA EST\u00c9S COMENZANDO O EVOLUCIONANDO TU MARCA, TU IDEA, TU NUEVA EXPERIENCIA PROFESIONAL O TU VIAJE &#8211; BM LAB COMPANY TE AYUDAR\u00c1 A CRECER O HACER QUE TODO SALGA M\u00c1S F\u00c1CIL Y COLORIDO. DAMOS VIDA A LA HISTORIA DE SU NEGOCIO EN EL NUEVO [&hellip;]<\/p>\n","protected":false},"author":1,"featured_media":0,"parent":0,"menu_order":0,"comment_status":"closed","ping_status":"closed","template":"","meta":{"_acf_changed":false,"pmpro_default_level":"","footnotes":""},"class_list":["post-1495","page","type-page","status-publish","hentry","pmpro-has-access"],"acf":[],"aioseo_notices":[],"_links":{"self":[{"href":"https:\/\/bmlab.company\/es\/wp-json\/wp\/v2\/pages\/1495","targetHints":{"allow":["GET"]}}],"collection":[{"href":"https:\/\/bmlab.company\/es\/wp-json\/wp\/v2\/pages"}],"about":[{"href":"https:\/\/bmlab.company\/es\/wp-json\/wp\/v2\/types\/page"}],"author":[{"embeddable":true,"href":"https:\/\/bmlab.company\/es\/wp-json\/wp\/v2\/users\/1"}],"replies":[{"embeddable":true,"href":"https:\/\/bmlab.company\/es\/wp-json\/wp\/v2\/comments?post=1495"}],"version-history":[{"count":19,"href":"https:\/\/bmlab.company\/es\/wp-json\/wp\/v2\/pages\/1495\/revisions"}],"predecessor-version":[{"id":5537,"href":"https:\/\/bmlab.company\/es\/wp-json\/wp\/v2\/pages\/1495\/revisions\/5537"}],"wp:attachment":[{"href":"https:\/\/bmlab.company\/es\/wp-json\/wp\/v2\/media?parent=1495"}],"curies":[{"name":"wp","href":"https:\/\/api.w.org\/{rel}","templated":true}]}}