{"id":5523,"date":"2024-03-07T15:35:07","date_gmt":"2024-03-07T14:35:07","guid":{"rendered":"https:\/\/bmlab.company\/bm-lab\/"},"modified":"2024-03-07T15:48:59","modified_gmt":"2024-03-07T14:48:59","slug":"bm-lab","status":"publish","type":"page","link":"https:\/\/bmlab.company\/de\/bm-lab\/","title":{"rendered":"BM LAB"},"content":{"rendered":"<div class=\"wpb-content-wrapper\"><p>[vc_row full_width=&#8220;stretch_row_content_no_spaces&#8220;][vc_column][vc_single_image image=&#8220;1235&#8243; img_size=&#8220;full&#8220; alignment=&#8220;center&#8220;][\/vc_column][\/vc_row][vc_row][vc_column][vc_column_text el_class=&#8220;our-story&#8220;]<\/p>\n<h1>HALLO, WIR SIND BM Lab COMPANY!<\/h1>\n<p>Ganz gleich, ob Sie Ihre Marke, Ihre Idee, Ihre neue Berufserfahrung oder Ihre Reise gerade erst gr\u00fcnden oder weiterentwickeln \u2013 BM Lab Company hilft Ihnen beim Wachstum oder macht alles, was herauskommt, einfacher und farbenfroher.<br \/>\nWIR HAUCH IHRER GESCH\u00c4FTSGESCHICHTE AUF NEUEN EUROP\u00c4ISCHEN ODER WELTWEITEN M\u00c4RKTEN LEBEN. WIR GESTALTEN GEMEINSAM IHRE REISE, AUF DER SUCHE NACH INNOVATION, NEUEN IDEEN, NEUEN PARTNERN, ZUSAMMENARBEIT. WIR GEBEN IHNEN TIPPS&amp;TRICKS. SIE, IHRE MARKE, IHRE IDEEN, TR\u00c4UME WERDEN MIT UNS WIRKLICH.<\/p>\n<ul>\n<li>MARKETING-WERBE-EVENTS<br \/>\nERSTELLUNG &amp; VERWALTUNG SOZIALER PROFILE<\/li>\n<li>WEB.GRAM360<\/li>\n<li>OPTIMIERUNG VON WERBEKAMPAGNEN<\/li>\n<li>ERSTELLUNG UND VERWALTUNG VON WEB \/ E-COMMERCE<\/li>\n<li>KOMMUNIKATION<\/li>\n<li>IDEEN<\/li>\n<li>GESCH\u00c4FTSANALYSE<\/li>\n<li>PIANIFIZIERUNG, STRATEGIE, GESCH\u00c4FTSPLAN<\/li>\n<li>KURSE, WORKSHOPS, BERATUNG<\/li>\n<li>PROMO<\/li>\n<li>PROJEKTMANAGEMENT<\/li>\n<li>L\u00d6SUNGEN<\/li>\n<li>ZUSAMMENARBEIT<\/li>\n<li>MARKENSTRATEGIE, LOGO, ANIMATION, GRAFIKDESIGN<\/li>\n<li>SEO<\/li>\n<li>STATISTIK<\/li>\n<\/ul>\n<p>[\/vc_column_text][\/vc_column][\/vc_row][vc_row][vc_column][rev_slider_vc alias=&#8220;about&#8220; el_class=&#8220;about-slider&#8220;][\/vc_column][\/vc_row][vc_row][vc_column][vc_raw_html css=&#8220;.vc_custom_1613738133281{border-right-width: 2px !important;border-left-width: 2px !important;border-radius: 5px !important;}&#8220;]PGRpdiBjbGFzcz0iYm0tdGVzdGltb25pYWxzIj4NCjxkaXYgY2xhc3M9ImJtLXRlc3RpbW9uaWFsc19faW1nIj48aW1nIHNyYz0iL3dwLWNvbnRlbnQvdXBsb2Fkcy8yMDIxLzAyLzIuZ2lmIiBhbHQ9IiIgLz48L2Rpdj4NCjxkaXYgY2xhc3M9ImJtLXRlc3RpbW9uaWFsc19fY29udGVudCI+PGltZyBjbGFzcz0iYm0tdGVzdGltb25pYWxzX19xdW90ZSIgc3JjPSIvd3AtY29udGVudC91cGxvYWRzLzIwMTkvMDYvcXVvdGUucG5nIiBhbHQ9IiIgLz4NCjxkaXYgY2xhc3M9ImJtLXRlc3RpbW9uaWFsc19fdGV4dCI+DQo8cCBzdHlsZT0ibWFyZ2luOiAwOyBmb250LXNpemU6IDI0cHg7Ij4iPGVtPkVzIHNwaWVsdCBrZWluZSBSb2xsZTwvZW0+LCB3aWUgc2NobmVsbCBvZGVyIDxlbT5sYW5nc2FtIFNpZSBmYWhyZW48L2VtPiwgPGVtPnNvbGFuZ2UgU2llIG5pY2h0PC9lbT4gYXVmaMO2cmVuIjwvcD4NCkNvbmZ1Y2lvDQoNCjwvZGl2Pg0KPC9kaXY+DQo8L2Rpdj4=[\/vc_raw_html][\/vc_column][\/vc_row][vc_row][vc_column][vc_raw_html]ICAgICAgICAgICAgICAgICAgICAgICAgICAgICAgICAgICAgICAgICAgICAgICAgICAgICAgICAgICAgICAgICAgIEJNIEJJWloNCltibS1wYXJ0bmVyc10=[\/vc_raw_html][\/vc_column][\/vc_row]<\/p>\n<\/div>","protected":false},"excerpt":{"rendered":"<p>[vc_row full_width=&#8220;stretch_row_content_no_spaces&#8220;][vc_column][vc_single_image image=&#8220;1235&#8243; img_size=&#8220;full&#8220; alignment=&#8220;center&#8220;][\/vc_column][\/vc_row][vc_row][vc_column][vc_column_text el_class=&#8220;our-story&#8220;] HALLO, WIR SIND BM Lab COMPANY! Ganz gleich, ob Sie Ihre Marke, Ihre Idee, Ihre neue Berufserfahrung oder Ihre Reise gerade erst gr\u00fcnden oder weiterentwickeln \u2013 BM Lab Company hilft Ihnen beim Wachstum oder macht alles, was herauskommt, einfacher und farbenfroher. WIR HAUCH IHRER GESCH\u00c4FTSGESCHICHTE AUF NEUEN EUROP\u00c4ISCHEN ODER [&hellip;]<\/p>\n","protected":false},"author":1,"featured_media":0,"parent":0,"menu_order":0,"comment_status":"closed","ping_status":"closed","template":"","meta":{"_acf_changed":false,"pmpro_default_level":"","footnotes":""},"class_list":["post-5523","page","type-page","status-publish","hentry","pmpro-has-access"],"acf":[],"aioseo_notices":[],"_links":{"self":[{"href":"https:\/\/bmlab.company\/de\/wp-json\/wp\/v2\/pages\/5523","targetHints":{"allow":["GET"]}}],"collection":[{"href":"https:\/\/bmlab.company\/de\/wp-json\/wp\/v2\/pages"}],"about":[{"href":"https:\/\/bmlab.company\/de\/wp-json\/wp\/v2\/types\/page"}],"author":[{"embeddable":true,"href":"https:\/\/bmlab.company\/de\/wp-json\/wp\/v2\/users\/1"}],"replies":[{"embeddable":true,"href":"https:\/\/bmlab.company\/de\/wp-json\/wp\/v2\/comments?post=5523"}],"version-history":[{"count":5,"href":"https:\/\/bmlab.company\/de\/wp-json\/wp\/v2\/pages\/5523\/revisions"}],"predecessor-version":[{"id":5540,"href":"https:\/\/bmlab.company\/de\/wp-json\/wp\/v2\/pages\/5523\/revisions\/5540"}],"wp:attachment":[{"href":"https:\/\/bmlab.company\/de\/wp-json\/wp\/v2\/media?parent=5523"}],"curies":[{"name":"wp","href":"https:\/\/api.w.org\/{rel}","templated":true}]}}